{"id":644,"date":"2022-10-12T16:05:33","date_gmt":"2022-10-12T16:05:33","guid":{"rendered":"http:\/\/fm5.de\/?page_id=644"},"modified":"2022-10-12T17:46:57","modified_gmt":"2022-10-12T17:46:57","slug":"elementor-644","status":"publish","type":"page","link":"https:\/\/fm5.de\/?page_id=644","title":{"rendered":"Berufe im Berufsfeld Gesundheit"},"content":{"rendered":"\t\t<div data-elementor-type=\"wp-page\" data-elementor-id=\"644\" class=\"elementor elementor-644\">\n\t\t\t\t\t\t<div class=\"elementor-inner\">\n\t\t\t\t<div class=\"elementor-section-wrap\">\n\t\t\t\t\t\t\t\t\t<section class=\"elementor-section elementor-top-section elementor-element elementor-element-34255b4b elementor-section-boxed elementor-section-height-default elementor-section-height-default\" data-id=\"34255b4b\" data-element_type=\"section\">\n\t\t\t\t\t\t<div class=\"elementor-container elementor-column-gap-default\">\n\t\t\t\t\t\t\t<div class=\"elementor-row\">\n\t\t\t\t\t<div class=\"elementor-column elementor-col-100 elementor-top-column elementor-element elementor-element-23ac541e\" data-id=\"23ac541e\" data-element_type=\"column\">\n\t\t\t<div class=\"elementor-column-wrap elementor-element-populated\">\n\t\t\t\t\t\t\t<div class=\"elementor-widget-wrap\">\n\t\t\t\t\t\t<div class=\"elementor-element elementor-element-746684b6 elementor-widget elementor-widget-text-editor\" data-id=\"746684b6\" data-element_type=\"widget\" data-widget_type=\"text-editor.default\">\n\t\t\t\t<div class=\"elementor-widget-container\">\n\t\t\t\t\t\t\t\t<div class=\"elementor-text-editor elementor-clearfix\">\n\t\t\t\t<h1 style=\"text-align: center;\">Berufe im Berufsfeld Gesundheit<\/h1>\t\t\t\t\t<\/div>\n\t\t\t\t\t\t<\/div>\n\t\t\t\t<\/div>\n\t\t\t\t<div class=\"elementor-element elementor-element-190e31e elementor-widget elementor-widget-text-editor\" data-id=\"190e31e\" data-element_type=\"widget\" data-widget_type=\"text-editor.default\">\n\t\t\t\t<div class=\"elementor-widget-container\">\n\t\t\t\t\t\t\t\t<div class=\"elementor-text-editor elementor-clearfix\">\n\t\t\t\t<p style=\"text-align: center;\">Das Berufsfeld Gesundheit hat viele Berufe und jedes Jahr kommen einige dazu. Viele Berufe sind auch unbekannt, obwohl es sie seit vielen Jahren schon gibt. Eines haben sie fast alle gemeinsam: Man kommt in Kontakt mit Menschen, kann ihnen helfen und das kann beruflich sehr befriedigend sein. Insgesamt handelt es sich um eine Branche mit Zukunft und die Berufe werden immer attraktiver.<\/p>\t\t\t\t\t<\/div>\n\t\t\t\t\t\t<\/div>\n\t\t\t\t<\/div>\n\t\t\t\t<div class=\"elementor-element elementor-element-126f18b elementor-widget elementor-widget-heading\" data-id=\"126f18b\" data-element_type=\"widget\" data-widget_type=\"heading.default\">\n\t\t\t\t<div class=\"elementor-widget-container\">\n\t\t\t<h2 class=\"elementor-heading-title elementor-size-default\">Wortwolke<\/h2>\t\t<\/div>\n\t\t\t\t<\/div>\n\t\t\t\t<div class=\"elementor-element elementor-element-15a92f3 elementor-widget elementor-widget-text-editor\" data-id=\"15a92f3\" data-element_type=\"widget\" data-widget_type=\"text-editor.default\">\n\t\t\t\t<div class=\"elementor-widget-container\">\n\t\t\t\t\t\t\t\t<div class=\"elementor-text-editor elementor-clearfix\">\n\t\t\t\t<p style=\"text-align: center;\">Die Wortwolke zeigt viele Berufe im Berufsfeld Gesundheit. Es handelt sich um anerkannte Ausbildungsberufe und Berufe f\u00fcr deren Aus\u00fcbung man ein Studium abgeschlossen haben muss. Um mehr zu einzelnen Berufen zu erfahren, folgen Sie bitte dem Link zu BERUFENET, einer Informationsseite der Agentur f\u00fcr Arbeit, weiter unten. Hier k\u00f6nnen Sie den Beruf eingeben und haben dann eine super Erkl\u00e4rung mit Infotexten, einem Steckbrief, Bildern und vielem mehr zu jedem Beruf.<\/p><p>\u00a0<\/p>\t\t\t\t\t<\/div>\n\t\t\t\t\t\t<\/div>\n\t\t\t\t<\/div>\n\t\t\t\t<div class=\"elementor-element elementor-element-5a1457f elementor-align-center elementor-widget elementor-widget-button\" data-id=\"5a1457f\" data-element_type=\"widget\" data-widget_type=\"button.default\">\n\t\t\t\t<div class=\"elementor-widget-container\">\n\t\t\t\t\t<div class=\"elementor-button-wrapper\">\n\t\t\t<a href=\"https:\/\/berufenet.arbeitsagentur.de\/\" target=\"_blank\" class=\"elementor-button-link elementor-button elementor-size-lg\" role=\"button\">\n\t\t\t\t\t\t<span class=\"elementor-button-content-wrapper\">\n\t\t\t\t\t\t<span class=\"elementor-button-text\">BERUFENET eine Informationsseite von der Agentur f\u00fcr Arbeit - Hier gibt es mehr Infos zu allen Berufen!<\/span>\n\t\t<\/span>\n\t\t\t\t\t<\/a>\n\t\t<\/div>\n\t\t\t\t<\/div>\n\t\t\t\t<\/div>\n\t\t\t\t<div class=\"elementor-element elementor-element-00437a7 elementor-widget elementor-widget-text-editor\" data-id=\"00437a7\" data-element_type=\"widget\" data-widget_type=\"text-editor.default\">\n\t\t\t\t<div class=\"elementor-widget-container\">\n\t\t\t\t\t\t\t\t<div class=\"elementor-text-editor elementor-clearfix\">\n\t\t\t\t\t\t\t\t\t<\/div>\n\t\t\t\t\t\t<\/div>\n\t\t\t\t<\/div>\n\t\t\t\t\t\t<\/div>\n\t\t\t\t\t<\/div>\n\t\t<\/div>\n\t\t\t\t\t\t\t\t<\/div>\n\t\t\t\t\t<\/div>\n\t\t<\/section>\n\t\t\t\t<section class=\"elementor-section elementor-top-section elementor-element elementor-element-09a10c3 elementor-section-content-middle elementor-section-boxed elementor-section-height-default elementor-section-height-default\" data-id=\"09a10c3\" data-element_type=\"section\">\n\t\t\t\t\t\t<div class=\"elementor-container elementor-column-gap-narrow\">\n\t\t\t\t\t\t\t<div class=\"elementor-row\">\n\t\t\t\t\t<div class=\"elementor-column elementor-col-100 elementor-top-column elementor-element elementor-element-489f25a elementor-invisible\" data-id=\"489f25a\" data-element_type=\"column\" data-settings=\"{&quot;animation&quot;:&quot;fadeInDown&quot;}\">\n\t\t\t<div class=\"elementor-column-wrap elementor-element-populated\">\n\t\t\t\t\t\t\t<div class=\"elementor-widget-wrap\">\n\t\t\t\t\t\t<div class=\"elementor-element elementor-element-7ee42f3 elementor-widget elementor-widget-image\" data-id=\"7ee42f3\" data-element_type=\"widget\" data-widget_type=\"image.default\">\n\t\t\t\t<div class=\"elementor-widget-container\">\n\t\t\t\t\t\t\t\t<div class=\"elementor-image\">\n\t\t\t\t\t\t\t\t\t\t\t\t<img width=\"1024\" height=\"1024\" src=\"https:\/\/fm5.de\/wp-content\/uploads\/2022\/10\/Berufsfeld-Gesundheit-v006-2-1024x1024.webp\" class=\"attachment-large size-large wp-image-722\" alt=\"\" loading=\"lazy\" srcset=\"https:\/\/fm5.de\/wp-content\/uploads\/2022\/10\/Berufsfeld-Gesundheit-v006-2-1024x1024.webp 1024w, https:\/\/fm5.de\/wp-content\/uploads\/2022\/10\/Berufsfeld-Gesundheit-v006-2-300x300.webp 300w, https:\/\/fm5.de\/wp-content\/uploads\/2022\/10\/Berufsfeld-Gesundheit-v006-2-150x150.webp 150w, https:\/\/fm5.de\/wp-content\/uploads\/2022\/10\/Berufsfeld-Gesundheit-v006-2-768x768.webp 768w, https:\/\/fm5.de\/wp-content\/uploads\/2022\/10\/Berufsfeld-Gesundheit-v006-2-1536x1536.webp 1536w, https:\/\/fm5.de\/wp-content\/uploads\/2022\/10\/Berufsfeld-Gesundheit-v006-2-2048x2048.webp 2048w\" sizes=\"(max-width: 1024px) 100vw, 1024px\" \/>\t\t\t\t\t\t\t\t\t\t\t\t\t\t<\/div>\n\t\t\t\t\t\t<\/div>\n\t\t\t\t<\/div>\n\t\t\t\t<div class=\"elementor-element elementor-element-ed2954b elementor-align-center elementor-widget elementor-widget-button\" data-id=\"ed2954b\" data-element_type=\"widget\" data-widget_type=\"button.default\">\n\t\t\t\t<div class=\"elementor-widget-container\">\n\t\t\t\t\t<div class=\"elementor-button-wrapper\">\n\t\t\t<a href=\"https:\/\/berufenet.arbeitsagentur.de\/\" target=\"_blank\" class=\"elementor-button-link elementor-button elementor-size-sm\" role=\"button\">\n\t\t\t\t\t\t<span class=\"elementor-button-content-wrapper\">\n\t\t\t\t\t\t<span class=\"elementor-button-text\">Mehr Infos zu jedem Beruf finden Sie auf der Seite https:\/\/berufenet.arbeitsagentur.de\/ (Einfach hier klicken)<\/span>\n\t\t<\/span>\n\t\t\t\t\t<\/a>\n\t\t<\/div>\n\t\t\t\t<\/div>\n\t\t\t\t<\/div>\n\t\t\t\t\t\t<\/div>\n\t\t\t\t\t<\/div>\n\t\t<\/div>\n\t\t\t\t\t\t\t\t<\/div>\n\t\t\t\t\t<\/div>\n\t\t<\/section>\n\t\t\t\t\t\t\t\t\t<\/div>\n\t\t\t<\/div>\n\t\t\t\t\t<\/div>\n\t\t","protected":false},"excerpt":{"rendered":"<p>Berufe im Berufsfeld Gesundheit Das Berufsfeld Gesundheit hat viele Berufe und jedes Jahr kommen einige dazu. Viele Berufe sind auch unbekannt, obwohl es sie seit vielen Jahren schon gibt. Eines haben sie fast alle gemeinsam: Man kommt in Kontakt mit Menschen, kann ihnen helfen und das kann beruflich sehr befriedigend sein. Insgesamt handelt es sich&hellip;&nbsp;<a href=\"https:\/\/fm5.de\/?page_id=644\" rel=\"bookmark\">Weiterlesen &raquo;<span class=\"screen-reader-text\">Berufe im Berufsfeld Gesundheit<\/span><\/a><\/p>\n","protected":false},"author":2,"featured_media":0,"parent":0,"menu_order":0,"comment_status":"closed","ping_status":"closed","template":"","meta":{"neve_meta_sidebar":"full-width","neve_meta_container":"","neve_meta_enable_content_width":"on","neve_meta_content_width":100,"neve_meta_title_alignment":"center","neve_meta_author_avatar":"","neve_post_elements_order":"","neve_meta_disable_header":"","neve_meta_disable_footer":"","neve_meta_disable_title":"on","_themeisle_gutenberg_block_has_review":false},"amp_enabled":true,"_links":{"self":[{"href":"https:\/\/fm5.de\/index.php?rest_route=\/wp\/v2\/pages\/644"}],"collection":[{"href":"https:\/\/fm5.de\/index.php?rest_route=\/wp\/v2\/pages"}],"about":[{"href":"https:\/\/fm5.de\/index.php?rest_route=\/wp\/v2\/types\/page"}],"author":[{"embeddable":true,"href":"https:\/\/fm5.de\/index.php?rest_route=\/wp\/v2\/users\/2"}],"replies":[{"embeddable":true,"href":"https:\/\/fm5.de\/index.php?rest_route=%2Fwp%2Fv2%2Fcomments&post=644"}],"version-history":[{"count":78,"href":"https:\/\/fm5.de\/index.php?rest_route=\/wp\/v2\/pages\/644\/revisions"}],"predecessor-version":[{"id":728,"href":"https:\/\/fm5.de\/index.php?rest_route=\/wp\/v2\/pages\/644\/revisions\/728"}],"wp:attachment":[{"href":"https:\/\/fm5.de\/index.php?rest_route=%2Fwp%2Fv2%2Fmedia&parent=644"}],"curies":[{"name":"wp","href":"https:\/\/api.w.org\/{rel}","templated":true}]}}